{"id":1504,"date":"2025-07-21T23:34:35","date_gmt":"2025-07-21T23:34:35","guid":{"rendered":"https:\/\/avrenlaw.com\/tr\/?page_id=1504"},"modified":"2026-02-03T21:20:35","modified_gmt":"2026-02-03T21:20:35","slug":"sartlar-ve-kosullar","status":"publish","type":"page","link":"https:\/\/avrenlaw.com\/tr\/sartlar-ve-kosullar\/","title":{"rendered":"\u015eartlar ve ko\u015fullar"},"content":{"rendered":"\t\t<div data-elementor-type=\"wp-page\" data-elementor-id=\"1504\" class=\"elementor elementor-1504\" data-elementor-post-type=\"page\">\n\t\t\t\t<div class=\"elementor-element elementor-element-42b0b97e e-flex e-con-boxed e-con e-parent\" data-id=\"42b0b97e\" data-element_type=\"container\">\n\t\t\t\t\t<div class=\"e-con-inner\">\n\t\t\t\t<div class=\"elementor-element elementor-element-64871244 policy-content elementor-widget elementor-widget-text-editor\" data-id=\"64871244\" data-element_type=\"widget\" data-widget_type=\"text-editor.default\">\n\t\t\t\t\t\t\t\t\t\n<h2 class=\"wp-block-heading\" data-start=\"0\" data-end=\"32\"><strong>\u0130\u015fte metninizin T\u00fcrk\u00e7e \u00e7evirisi<\/strong><\/h2>\n<h6 data-start=\"39\" data-end=\"320\"><strong>Kullan\u0131m \u015eartlar\u0131 Genel Bak\u0131\u015f<\/strong><\/h6>\n<p data-start=\"39\" data-end=\"320\">Ren Law Office\u2019in web sitesine <span style=\"color: #000000;\">(<strong data-start=\"107\" data-end=\"127\"><a class=\"\" style=\"color: #000000;\" href=\"http:\/\/www.avrenlaw.com\" target=\"_new\" rel=\"noopener\" data-start=\"109\" data-end=\"125\">www.avrenlaw.com<\/a><\/strong>)<\/span> ho\u015f geldiniz. Bu web sitesine eri\u015ferek veya kullanarak, bu Kullan\u0131m \u015eartlar\u0131 ile ba\u011fl\u0131 kalmay\u0131 kabul etmi\u015f olursunuz. Bu \u015fartlar\u0131 kabul etmiyorsan\u0131z, l\u00fctfen web sitemizi kullanmaktan ka\u00e7\u0131n\u0131n.<\/p>\n<h6 data-start=\"327\" data-end=\"585\"><strong data-start=\"327\" data-end=\"351\">Hizmetlerin Niteli\u011fi<\/strong><\/h6>\n<p data-start=\"327\" data-end=\"585\">Ren Law Office, hukuki dan\u0131\u015fmanl\u0131k ve temsil hizmetleri sunmaktad\u0131r. Bu web sitesinde yer alan i\u00e7erik yaln\u0131zca bilgilendirme ama\u00e7l\u0131d\u0131r ve hukuki tavsiye olarak de\u011ferlendirilmemeli veya profesyonel dan\u0131\u015fmanl\u0131\u011f\u0131n yerine ge\u00e7memelidir.<\/p>\n<h6 data-start=\"592\" data-end=\"743\"><strong data-start=\"592\" data-end=\"630\">Kullan\u0131c\u0131 Olarak Sorumluluklar\u0131n\u0131z<\/strong><\/h6>\n<p data-start=\"592\" data-end=\"743\">Bu web sitesini kullan\u0131rken t\u00fcm ge\u00e7erli yerel, eyalet, federal ve uluslararas\u0131 yasalara uyman\u0131z gerekmektedir.<\/p>\n<ul data-start=\"745\" data-end=\"991\">\n<li data-start=\"745\" data-end=\"880\">\n<p data-start=\"747\" data-end=\"880\">Siteyi yasa d\u0131\u015f\u0131 ama\u00e7larla kullanmamay\u0131 veya sitenin d\u00fczg\u00fcn \u00e7al\u0131\u015fmas\u0131n\u0131 engelleyebilecek faaliyetlerde bulunmamay\u0131 kabul edersiniz.<\/p>\n<\/li>\n<li data-start=\"881\" data-end=\"991\">\n<p data-start=\"883\" data-end=\"991\">Web sitesinin g\u00fcvenli\u011fini veya b\u00fct\u00fcnl\u00fc\u011f\u00fcn\u00fc tehlikeye atmaya y\u00f6nelik herhangi bir giri\u015fimde bulunmamal\u0131s\u0131n\u0131z.<\/p>\n<\/li>\n<\/ul>\n<p data-start=\"998\" data-end=\"1319\"><strong data-start=\"998\" data-end=\"1020\">\u0130\u00e7eri\u011fin M\u00fclkiyeti<\/strong><br data-start=\"1020\" data-end=\"1023\" \/>Bu web sitesinde yer alan t\u00fcm materyaller (metinler, logolar, g\u00f6rseller ve grafikler dahil), Ren Law Office\u2019in fikri m\u00fclkiyetidir ve telif hakk\u0131 ile di\u011fer ge\u00e7erli yasalar taraf\u0131ndan korunmaktad\u0131r. Yaz\u0131l\u0131 izin olmadan bu sitedeki i\u00e7eriklerin hi\u00e7birini kopyalayamaz, da\u011f\u0131tamaz veya kullanamazs\u0131n\u0131z.<\/p>\n<h6 data-start=\"1326\" data-end=\"1673\"><strong data-start=\"1326\" data-end=\"1360\">Sorumlulu\u011fun S\u0131n\u0131rland\u0131r\u0131lmas\u0131<\/strong><\/h6>\n<p data-start=\"1326\" data-end=\"1673\">Bu web sitesindeki bilgileri do\u011fru ve g\u00fcncel tutmak i\u00e7in \u00e7aba g\u00f6stersek de, Ren Law Office i\u00e7eriklerin eksiksizli\u011fini veya do\u011frulu\u011funu garanti etmez. Sa\u011flanan bilgilere g\u00fcvenilmesinden kaynaklanan herhangi bir kay\u0131p veya zarardan sorumlu de\u011filiz. Hukuki konular i\u00e7in l\u00fctfen do\u011frudan ofisimizle ileti\u015fime ge\u00e7in.<\/p>\n<h6 data-start=\"1680\" data-end=\"1895\"><strong data-start=\"1680\" data-end=\"1714\">Ge\u00e7erli Hukuk ve Yarg\u0131 Yetkisi<\/strong><\/h6>\n<p data-start=\"1680\" data-end=\"1895\">Bu Kullan\u0131m \u015eartlar\u0131, Amerika Birle\u015fik Devletleri, Kaliforniya Eyaleti yasalar\u0131na tabidir. Anla\u015fmazl\u0131k durumunda Kaliforniya mahkemeleri m\u00fcnhas\u0131r yarg\u0131 yetkisine sahip olacakt\u0131r.<\/p>\n<h6 data-start=\"1902\" data-end=\"2211\"><strong data-start=\"1902\" data-end=\"1931\">\u015eartlardaki De\u011fi\u015fiklikler<\/strong><\/h6>\n<p data-start=\"1902\" data-end=\"2211\">Ren Law Office, bu Kullan\u0131m \u015eartlar\u0131n\u0131 diledi\u011fi zaman g\u00f6zden ge\u00e7irme veya g\u00fcncelleme hakk\u0131n\u0131 sakl\u0131 tutar.<br data-start=\"2039\" data-end=\"2042\" \/>Yap\u0131lan de\u011fi\u015fiklikler, web sitemizde yay\u0131nland\u0131\u011f\u0131 anda y\u00fcr\u00fcrl\u00fc\u011fe girer. G\u00fcncellemelerden haberdar olmak i\u00e7in bu sayfay\u0131 d\u00fczenli olarak g\u00f6zden ge\u00e7irmenizi tavsiye ederiz.<\/p>\t\t\t\t\t\t\t\t<\/div>\n\t\t\t\t\t<\/div>\n\t\t\t\t<\/div>\n\t\t\t\t<\/div>\n\t\t","protected":false},"excerpt":{"rendered":"<p>\u0130\u015fte metninizin T\u00fcrk\u00e7e \u00e7evirisi Kullan\u0131m \u015eartlar\u0131 Genel Bak\u0131\u015f Ren Law Office\u2019in web sitesine (www.avrenlaw.com) ho\u015f geldiniz. Bu web sitesine eri\u015ferek veya kullanarak, bu Kullan\u0131m \u015eartlar\u0131 ile ba\u011fl\u0131 kalmay\u0131 kabul etmi\u015f olursunuz. Bu \u015fartlar\u0131 kabul etmiyorsan\u0131z, l\u00fctfen web sitemizi kullanmaktan ka\u00e7\u0131n\u0131n. Hizmetlerin Niteli\u011fi Ren Law Office, hukuki dan\u0131\u015fmanl\u0131k ve temsil hizmetleri sunmaktad\u0131r. Bu web sitesinde yer [&hellip;]<\/p>\n","protected":false},"author":1,"featured_media":0,"parent":0,"menu_order":0,"comment_status":"closed","ping_status":"closed","template":"","meta":{"footnotes":""},"class_list":["post-1504","page","type-page","status-publish","hentry"],"yoast_head":"<!-- This site is optimized with the Yoast SEO plugin v25.5 - https:\/\/yoast.com\/wordpress\/plugins\/seo\/ -->\n<title>\u015eartlar ve ko\u015fullar - Ren Law Office<\/title>\n<meta name=\"robots\" content=\"index, follow, max-snippet:-1, max-image-preview:large, max-video-preview:-1\" \/>\n<link rel=\"canonical\" href=\"https:\/\/avrenlaw.com\/tr\/sartlar-ve-kosullar\/\" \/>\n<meta property=\"og:locale\" content=\"en_US\" \/>\n<meta property=\"og:type\" content=\"article\" \/>\n<meta property=\"og:title\" content=\"\u015eartlar ve ko\u015fullar - Ren Law Office\" \/>\n<meta property=\"og:description\" content=\"\u0130\u015fte metninizin T\u00fcrk\u00e7e \u00e7evirisi Kullan\u0131m \u015eartlar\u0131 Genel Bak\u0131\u015f Ren Law Office\u2019in web sitesine (www.avrenlaw.com) ho\u015f geldiniz. Bu web sitesine eri\u015ferek veya kullanarak, bu Kullan\u0131m \u015eartlar\u0131 ile ba\u011fl\u0131 kalmay\u0131 kabul etmi\u015f olursunuz. Bu \u015fartlar\u0131 kabul etmiyorsan\u0131z, l\u00fctfen web sitemizi kullanmaktan ka\u00e7\u0131n\u0131n. Hizmetlerin Niteli\u011fi Ren Law Office, hukuki dan\u0131\u015fmanl\u0131k ve temsil hizmetleri sunmaktad\u0131r. Bu web sitesinde yer [&hellip;]\" \/>\n<meta property=\"og:url\" content=\"https:\/\/avrenlaw.com\/tr\/sartlar-ve-kosullar\/\" \/>\n<meta property=\"og:site_name\" content=\"Ren Law Office\" \/>\n<meta property=\"article:modified_time\" content=\"2026-02-03T21:20:35+00:00\" \/>\n<meta property=\"og:image\" content=\"https:\/\/avrenlaw.com\/tr\/wp-content\/uploads\/2025\/07\/cropped-REN-LAW-OFFICE-e1752768145472.png\" \/>\n\t<meta property=\"og:image:width\" content=\"512\" \/>\n\t<meta property=\"og:image:height\" content=\"512\" \/>\n\t<meta property=\"og:image:type\" content=\"image\/png\" \/>\n<meta name=\"twitter:card\" content=\"summary_large_image\" \/>\n<meta name=\"twitter:label1\" content=\"Est. reading time\" \/>\n\t<meta name=\"twitter:data1\" content=\"2 minutes\" \/>\n<script type=\"application\/ld+json\" class=\"yoast-schema-graph\">{\"@context\":\"https:\/\/schema.org\",\"@graph\":[{\"@type\":\"WebPage\",\"@id\":\"https:\/\/avrenlaw.com\/tr\/sartlar-ve-kosullar\/\",\"url\":\"https:\/\/avrenlaw.com\/tr\/sartlar-ve-kosullar\/\",\"name\":\"\u015eartlar ve ko\u015fullar - Ren Law Office\",\"isPartOf\":{\"@id\":\"https:\/\/avrenlaw.com\/tr\/#website\"},\"datePublished\":\"2025-07-21T23:34:35+00:00\",\"dateModified\":\"2026-02-03T21:20:35+00:00\",\"breadcrumb\":{\"@id\":\"https:\/\/avrenlaw.com\/tr\/sartlar-ve-kosullar\/#breadcrumb\"},\"inLanguage\":\"en-US\",\"potentialAction\":[{\"@type\":\"ReadAction\",\"target\":[\"https:\/\/avrenlaw.com\/tr\/sartlar-ve-kosullar\/\"]}]},{\"@type\":\"BreadcrumbList\",\"@id\":\"https:\/\/avrenlaw.com\/tr\/sartlar-ve-kosullar\/#breadcrumb\",\"itemListElement\":[{\"@type\":\"ListItem\",\"position\":1,\"name\":\"Home\",\"item\":\"https:\/\/avrenlaw.com\/tr\/\"},{\"@type\":\"ListItem\",\"position\":2,\"name\":\"\u015eartlar ve ko\u015fullar\"}]},{\"@type\":\"WebSite\",\"@id\":\"https:\/\/avrenlaw.com\/tr\/#website\",\"url\":\"https:\/\/avrenlaw.com\/tr\/\",\"name\":\"Avren Law\",\"description\":\"\",\"potentialAction\":[{\"@type\":\"SearchAction\",\"target\":{\"@type\":\"EntryPoint\",\"urlTemplate\":\"https:\/\/avrenlaw.com\/tr\/?s={search_term_string}\"},\"query-input\":{\"@type\":\"PropertyValueSpecification\",\"valueRequired\":true,\"valueName\":\"search_term_string\"}}],\"inLanguage\":\"en-US\"}]}<\/script>\n<!-- \/ Yoast SEO plugin. -->","yoast_head_json":{"title":"\u015eartlar ve ko\u015fullar - Ren Law Office","robots":{"index":"index","follow":"follow","max-snippet":"max-snippet:-1","max-image-preview":"max-image-preview:large","max-video-preview":"max-video-preview:-1"},"canonical":"https:\/\/avrenlaw.com\/tr\/sartlar-ve-kosullar\/","og_locale":"en_US","og_type":"article","og_title":"\u015eartlar ve ko\u015fullar - Ren Law Office","og_description":"\u0130\u015fte metninizin T\u00fcrk\u00e7e \u00e7evirisi Kullan\u0131m \u015eartlar\u0131 Genel Bak\u0131\u015f Ren Law Office\u2019in web sitesine (www.avrenlaw.com) ho\u015f geldiniz. Bu web sitesine eri\u015ferek veya kullanarak, bu Kullan\u0131m \u015eartlar\u0131 ile ba\u011fl\u0131 kalmay\u0131 kabul etmi\u015f olursunuz. Bu \u015fartlar\u0131 kabul etmiyorsan\u0131z, l\u00fctfen web sitemizi kullanmaktan ka\u00e7\u0131n\u0131n. Hizmetlerin Niteli\u011fi Ren Law Office, hukuki dan\u0131\u015fmanl\u0131k ve temsil hizmetleri sunmaktad\u0131r. Bu web sitesinde yer [&hellip;]","og_url":"https:\/\/avrenlaw.com\/tr\/sartlar-ve-kosullar\/","og_site_name":"Ren Law Office","article_modified_time":"2026-02-03T21:20:35+00:00","og_image":[{"width":512,"height":512,"url":"https:\/\/avrenlaw.com\/tr\/wp-content\/uploads\/2025\/07\/cropped-REN-LAW-OFFICE-e1752768145472.png","type":"image\/png"}],"twitter_card":"summary_large_image","twitter_misc":{"Est. reading time":"2 minutes"},"schema":{"@context":"https:\/\/schema.org","@graph":[{"@type":"WebPage","@id":"https:\/\/avrenlaw.com\/tr\/sartlar-ve-kosullar\/","url":"https:\/\/avrenlaw.com\/tr\/sartlar-ve-kosullar\/","name":"\u015eartlar ve ko\u015fullar - Ren Law Office","isPartOf":{"@id":"https:\/\/avrenlaw.com\/tr\/#website"},"datePublished":"2025-07-21T23:34:35+00:00","dateModified":"2026-02-03T21:20:35+00:00","breadcrumb":{"@id":"https:\/\/avrenlaw.com\/tr\/sartlar-ve-kosullar\/#breadcrumb"},"inLanguage":"en-US","potentialAction":[{"@type":"ReadAction","target":["https:\/\/avrenlaw.com\/tr\/sartlar-ve-kosullar\/"]}]},{"@type":"BreadcrumbList","@id":"https:\/\/avrenlaw.com\/tr\/sartlar-ve-kosullar\/#breadcrumb","itemListElement":[{"@type":"ListItem","position":1,"name":"Home","item":"https:\/\/avrenlaw.com\/tr\/"},{"@type":"ListItem","position":2,"name":"\u015eartlar ve ko\u015fullar"}]},{"@type":"WebSite","@id":"https:\/\/avrenlaw.com\/tr\/#website","url":"https:\/\/avrenlaw.com\/tr\/","name":"Avren Law","description":"","potentialAction":[{"@type":"SearchAction","target":{"@type":"EntryPoint","urlTemplate":"https:\/\/avrenlaw.com\/tr\/?s={search_term_string}"},"query-input":{"@type":"PropertyValueSpecification","valueRequired":true,"valueName":"search_term_string"}}],"inLanguage":"en-US"}]}},"_links":{"self":[{"href":"https:\/\/avrenlaw.com\/tr\/wp-json\/wp\/v2\/pages\/1504","targetHints":{"allow":["GET"]}}],"collection":[{"href":"https:\/\/avrenlaw.com\/tr\/wp-json\/wp\/v2\/pages"}],"about":[{"href":"https:\/\/avrenlaw.com\/tr\/wp-json\/wp\/v2\/types\/page"}],"author":[{"embeddable":true,"href":"https:\/\/avrenlaw.com\/tr\/wp-json\/wp\/v2\/users\/1"}],"replies":[{"embeddable":true,"href":"https:\/\/avrenlaw.com\/tr\/wp-json\/wp\/v2\/comments?post=1504"}],"version-history":[{"count":41,"href":"https:\/\/avrenlaw.com\/tr\/wp-json\/wp\/v2\/pages\/1504\/revisions"}],"predecessor-version":[{"id":3581,"href":"https:\/\/avrenlaw.com\/tr\/wp-json\/wp\/v2\/pages\/1504\/revisions\/3581"}],"wp:attachment":[{"href":"https:\/\/avrenlaw.com\/tr\/wp-json\/wp\/v2\/media?parent=1504"}],"curies":[{"name":"wp","href":"https:\/\/api.w.org\/{rel}","templated":true}]}}