{"id":3,"date":"2025-07-15T16:25:52","date_gmt":"2025-07-15T16:25:52","guid":{"rendered":"https:\/\/avrenlaw.com\/tr\/?page_id=3"},"modified":"2026-02-03T21:21:17","modified_gmt":"2026-02-03T21:21:17","slug":"gizlilik-politikasi","status":"publish","type":"page","link":"https:\/\/avrenlaw.com\/tr\/gizlilik-politikasi\/","title":{"rendered":"Gizlilik Politikas\u0131"},"content":{"rendered":"\t\t<div data-elementor-type=\"wp-page\" data-elementor-id=\"3\" class=\"elementor elementor-3\" data-elementor-post-type=\"page\">\n\t\t\t\t<div class=\"elementor-element elementor-element-42b0b97e e-flex e-con-boxed e-con e-parent\" data-id=\"42b0b97e\" data-element_type=\"container\">\n\t\t\t\t\t<div class=\"e-con-inner\">\n\t\t\t\t<div class=\"elementor-element elementor-element-64871244 policy-content elementor-widget elementor-widget-text-editor\" data-id=\"64871244\" data-element_type=\"widget\" data-widget_type=\"text-editor.default\">\n\t\t\t\t\t\t\t\t\t\n<h2 class=\"wp-block-heading\" data-start=\"52\" data-end=\"504\"><strong data-start=\"52\" data-end=\"69\">Qui\u00e9nes Somos<\/strong><\/h2>\n<h6 data-start=\"52\" data-end=\"504\"><strong data-start=\"72\" data-end=\"90\">Ren Law Office<\/strong><\/h6>\n<p data-start=\"52\" data-end=\"504\">San Diego, California, EE. UU.<br data-start=\"123\" data-end=\"126\" \/>Tu privacidad es importante para nosotros. Esta pol\u00edtica explica c\u00f3mo recopilamos, gestionamos, almacenamos y protegemos tu informaci\u00f3n personal de acuerdo con las leyes de privacidad aplicables.<br data-start=\"321\" data-end=\"324\" \/>Este aviso se aplica cuando Ren Law Office determina por qu\u00e9 y c\u00f3mo se maneja tu informaci\u00f3n personal. No se aplica cuando procesamos datos estrictamente en nombre de otra entidad.<\/p>\n<p data-start=\"511\" data-end=\"683\"><strong data-start=\"511\" data-end=\"542\">Informaci\u00f3n que Recopilamos<\/strong><br data-start=\"542\" data-end=\"545\" \/>Cuando visitas nuestro sitio web, te pones en contacto con nosotros o utilizas nuestros servicios, podemos recopilar los siguientes datos:<\/p>\n<ul data-start=\"685\" data-end=\"928\">\n<li data-start=\"685\" data-end=\"758\">\n<p data-start=\"687\" data-end=\"758\">Nombre completo, n\u00famero de tel\u00e9fono y direcci\u00f3n de correo electr\u00f3nico<\/p>\n<\/li>\n<li data-start=\"759\" data-end=\"817\">\n<p data-start=\"761\" data-end=\"817\">Antecedentes profesionales y calificaciones acad\u00e9micas<\/p>\n<\/li>\n<li data-start=\"818\" data-end=\"928\">\n<p data-start=\"820\" data-end=\"928\">Cualquier detalle adicional que decidas proporcionarnos (como el nombre de tu empresa, consultas o mensajes)<\/p>\n<\/li>\n<\/ul>\n<h6 data-start=\"935\" data-end=\"969\"><strong data-start=\"935\" data-end=\"969\">C\u00f3mo Utilizamos Tu Informaci\u00f3n<\/strong><\/h6>\n<p data-start=\"971\" data-end=\"1254\"><strong data-start=\"971\" data-end=\"1011\">Para Proporcionar Soluciones Legales<\/strong><br data-start=\"1011\" data-end=\"1014\" \/>Utilizamos tus datos para responder a consultas, ofrecer asesor\u00edas, gestionar asuntos legales y compartir actualizaciones importantes.<br data-start=\"1148\" data-end=\"1151\" \/><strong data-start=\"1151\" data-end=\"1182\">Base legal del tratamiento:<\/strong> Necesario para la prestaci\u00f3n del servicio e inter\u00e9s leg\u00edtimo comercial.<\/p>\n<p data-start=\"1256\" data-end=\"1516\"><strong data-start=\"1256\" data-end=\"1296\">Para el Funcionamiento del Sitio Web<\/strong><br data-start=\"1296\" data-end=\"1299\" \/>Usamos tu informaci\u00f3n para garantizar el funcionamiento correcto, mantenimiento y rendimiento t\u00e9cnico de nuestro sitio web.<br data-start=\"1422\" data-end=\"1425\" \/><strong data-start=\"1425\" data-end=\"1456\">Base legal del tratamiento:<\/strong> Inter\u00e9s leg\u00edtimo en mantener servicios en l\u00ednea eficientes.<\/p>\n<p data-start=\"1518\" data-end=\"1768\"><strong data-start=\"1518\" data-end=\"1553\">Para Mejorar Nuestros Servicios<\/strong><br data-start=\"1553\" data-end=\"1556\" \/>Analizamos las interacciones con nuestro sitio web y servicios para perfeccionar funciones y mejorar la experiencia general.<br data-start=\"1680\" data-end=\"1683\" \/><strong data-start=\"1683\" data-end=\"1714\">Base legal del tratamiento:<\/strong> Inter\u00e9s leg\u00edtimo en mejorar los servicios al cliente.<\/p>\n<p data-start=\"1770\" data-end=\"2010\"><strong data-start=\"1770\" data-end=\"1801\">Para Seguridad y Protecci\u00f3n<\/strong><br data-start=\"1801\" data-end=\"1804\" \/>Tu informaci\u00f3n nos ayuda a proteger nuestros sistemas contra fraudes, amenazas de seguridad y accesos no autorizados.<br data-start=\"1921\" data-end=\"1924\" \/><strong data-start=\"1924\" data-end=\"1955\">Base legal del tratamiento:<\/strong> Inter\u00e9s leg\u00edtimo en seguridad y prevenci\u00f3n de fraudes.<\/p>\n<p data-start=\"2012\" data-end=\"2259\"><strong data-start=\"2012\" data-end=\"2047\">Para Cumplir Requisitos Legales<\/strong><br data-start=\"2047\" data-end=\"2050\" \/>Podemos almacenar y procesar tu informaci\u00f3n cuando sea necesario para cumplir con obligaciones legales, responder a autoridades o cumplir con regulaciones.<br data-start=\"2205\" data-end=\"2208\" \/><strong data-start=\"2208\" data-end=\"2239\">Base legal del tratamiento:<\/strong> Cumplimiento legal.<\/p>\n<p data-start=\"2261\" data-end=\"2501\"><strong data-start=\"2261\" data-end=\"2295\">Para Gestionar Asuntos Legales<\/strong><br data-start=\"2295\" data-end=\"2298\" \/>Podemos manejar tu informaci\u00f3n en relaci\u00f3n con reclamaciones legales, disputas o para hacer valer nuestros derechos.<br data-start=\"2414\" data-end=\"2417\" \/><strong data-start=\"2417\" data-end=\"2448\">Base legal del tratamiento:<\/strong> Inter\u00e9s leg\u00edtimo en proteger nuestra posici\u00f3n legal.<\/p>\n<h6 data-start=\"2508\" data-end=\"2864\"><strong data-start=\"2508\" data-end=\"2547\">Cu\u00e1nto Tiempo Conservamos Tus Datos<\/strong><\/h6>\n<p data-start=\"2508\" data-end=\"2864\">Conservamos la informaci\u00f3n personal solo durante el tiempo necesario para cumplir con los fines descritos en esta pol\u00edtica y con los requisitos legales. Normalmente, esto significa durante la relaci\u00f3n profesional y por un per\u00edodo posterior si es necesario. La retenci\u00f3n puede ser m\u00e1s prolongada si lo exige la ley.<\/p>\n<h6 data-start=\"2871\" data-end=\"2955\"><strong data-start=\"2871\" data-end=\"2901\">Tus Derechos de Privacidad<\/strong><\/h6>\n<p data-start=\"2871\" data-end=\"2955\">Seg\u00fan las leyes aplicables, puedes tener derecho a:<\/p>\n<ul data-start=\"2957\" data-end=\"3228\">\n<li data-start=\"2957\" data-end=\"3015\">\n<p data-start=\"2959\" data-end=\"3015\">Acceder a la informaci\u00f3n personal que tenemos sobre ti<\/p>\n<\/li>\n<li data-start=\"3016\" data-end=\"3073\">\n<p data-start=\"3018\" data-end=\"3073\">Recibir una copia de tus datos en un formato portable<\/p>\n<\/li>\n<li data-start=\"3074\" data-end=\"3125\">\n<p data-start=\"3076\" data-end=\"3125\">Oponerte a ciertas actividades de procesamiento<\/p>\n<\/li>\n<li data-start=\"3126\" data-end=\"3164\">\n<p data-start=\"3128\" data-end=\"3164\">Solicitar correcciones a tus datos<\/p>\n<\/li>\n<li data-start=\"3165\" data-end=\"3228\">\n<p data-start=\"3167\" data-end=\"3228\">Solicitar la eliminaci\u00f3n de tu informaci\u00f3n en ciertos casos<\/p>\n<\/li>\n<\/ul>\n<p data-start=\"3230\" data-end=\"3357\">Para ejercer tus derechos, cont\u00e1ctanos en <span style=\"color: #000000;\"><strong data-start=\"3272\" data-end=\"3293\"><a class=\"cursor-pointer\" style=\"color: #000000;\" href=\"mailto:info@avrenlaw.com\" rel=\"noopener\" data-start=\"3274\" data-end=\"3291\">info@avrenlaw.com<\/a><\/strong>.<\/span> Puede ser necesario confirmar tu identidad para tu protecci\u00f3n.<\/p>\n<h6 data-start=\"3364\" data-end=\"3647\"><strong data-start=\"3364\" data-end=\"3393\">C\u00f3mo Protegemos Tus Datos<\/strong><\/h6>\n<p data-start=\"3364\" data-end=\"3647\">Hemos implementado medidas t\u00e9cnicas y administrativas adecuadas para proteger tu informaci\u00f3n personal. En caso de una violaci\u00f3n de datos que afecte tu informaci\u00f3n, te notificaremos en un plazo de 72 horas, proporcionando detalles y los pasos a seguir.<\/p>\n<h6 data-start=\"3654\" data-end=\"3794\"><strong data-start=\"3654\" data-end=\"3708\">Transferencias Comerciales y Cambios Estructurales<\/strong><\/h6>\n<p data-start=\"3654\" data-end=\"3794\">Si Ren Law Office experimenta un cambio de propiedad, fusi\u00f3n o cese de operaciones:<\/p>\n<ul data-start=\"3796\" data-end=\"4181\">\n<li data-start=\"3796\" data-end=\"3886\">\n<p data-start=\"3798\" data-end=\"3886\">Te notificaremos al menos con 30 d\u00edas de antelaci\u00f3n antes de transferir cualquier dato<\/p>\n<\/li>\n<li data-start=\"3887\" data-end=\"3966\">\n<p data-start=\"3889\" data-end=\"3966\">Puedes solicitar la eliminaci\u00f3n de tu informaci\u00f3n antes de la transferencia<\/p>\n<\/li>\n<li data-start=\"3967\" data-end=\"4051\">\n<p data-start=\"3969\" data-end=\"4051\">Si no se recibe ninguna solicitud, tu informaci\u00f3n seguir\u00e1 sujeta a esta pol\u00edtica<\/p>\n<\/li>\n<li data-start=\"4052\" data-end=\"4181\">\n<p data-start=\"4054\" data-end=\"4181\">Si el negocio cierra, tu informaci\u00f3n ser\u00e1 eliminada de forma segura en un plazo de 90 d\u00edas, salvo que la ley exija lo contrario<\/p>\n<\/li>\n<\/ul>\n<h6 data-start=\"4188\" data-end=\"4675\"><strong data-start=\"4188\" data-end=\"4238\">Residentes de California \u2013 Derechos Especiales<\/strong><\/h6>\n<p data-start=\"4188\" data-end=\"4675\">En cumplimiento con la Ley de Privacidad del Consumidor de California (CCPA) y la Ley de Derechos de Privacidad de California (CPRA), aseguramos a los residentes de California que no vendemos ni compartimos informaci\u00f3n personal seg\u00fan lo definido por la ley.<br data-start=\"4498\" data-end=\"4501\" \/>Los residentes tienen derecho a solicitar detalles sobre sus datos, c\u00f3mo se utilizan y a solicitar su eliminaci\u00f3n. Estos derechos se aplican sin importar tu ubicaci\u00f3n actual.<\/p>\n<h6 data-start=\"4682\" data-end=\"4982\"><strong data-start=\"4682\" data-end=\"4719\">Cambios y Revisi\u00f3n de la Pol\u00edtica<\/strong><\/h6>\n<p data-start=\"4682\" data-end=\"4982\">Podemos actualizar esta Pol\u00edtica de Privacidad ocasionalmente. La versi\u00f3n m\u00e1s reciente siempre estar\u00e1 disponible en nuestro sitio web, con la fecha de actualizaci\u00f3n. Si los cambios afectan significativamente tus derechos, te lo informaremos de manera adecuada.<\/p>\n<h6 data-start=\"4989\" data-end=\"5144\"><strong data-start=\"4989\" data-end=\"5004\">Cont\u00e1ctanos<\/strong><\/h6>\n<p data-start=\"4989\" data-end=\"5144\">Para preguntas, inquietudes o para ejercer tus derechos, comun\u00edcate con:<br data-start=\"5079\" data-end=\"5082\" \/><strong data-start=\"5082\" data-end=\"5100\">Ren Law Office<\/strong><br data-start=\"5100\" data-end=\"5103\" \/>Correo electr\u00f3nico: <span style=\"color: #000000;\"><strong data-start=\"5123\" data-end=\"5144\"><a class=\"cursor-pointer\" style=\"color: #000000;\" href=\"mailto:info@avrenlaw.com\" rel=\"noopener\" data-start=\"5125\" data-end=\"5142\">info@avrenlaw.com<\/a><\/strong><\/span><\/p>\n<p>\u00a0<\/p>\t\t\t\t\t\t\t\t<\/div>\n\t\t\t\t\t<\/div>\n\t\t\t\t<\/div>\n\t\t\t\t<\/div>\n\t\t","protected":false},"excerpt":{"rendered":"<p>Qui\u00e9nes Somos Ren Law Office San Diego, California, EE. UU.Tu privacidad es importante para nosotros. Esta pol\u00edtica explica c\u00f3mo recopilamos, gestionamos, almacenamos y protegemos tu informaci\u00f3n personal de acuerdo con las leyes de privacidad aplicables.Este aviso se aplica cuando Ren Law Office determina por qu\u00e9 y c\u00f3mo se maneja tu informaci\u00f3n personal. No se aplica [&hellip;]<\/p>\n","protected":false},"author":1,"featured_media":0,"parent":0,"menu_order":0,"comment_status":"closed","ping_status":"closed","template":"","meta":{"footnotes":""},"class_list":["post-3","page","type-page","status-publish","hentry"],"yoast_head":"<!-- This site is optimized with the Yoast SEO plugin v25.5 - https:\/\/yoast.com\/wordpress\/plugins\/seo\/ -->\n<title>Gizlilik Politikas\u0131 - Ren Law Office<\/title>\n<meta name=\"robots\" content=\"index, follow, max-snippet:-1, max-image-preview:large, max-video-preview:-1\" \/>\n<link rel=\"canonical\" href=\"https:\/\/avrenlaw.com\/tr\/gizlilik-politikasi\/\" \/>\n<meta property=\"og:locale\" content=\"en_US\" \/>\n<meta property=\"og:type\" content=\"article\" \/>\n<meta property=\"og:title\" content=\"Gizlilik Politikas\u0131 - Ren Law Office\" \/>\n<meta property=\"og:description\" content=\"Qui\u00e9nes Somos Ren Law Office San Diego, California, EE. UU.Tu privacidad es importante para nosotros. Esta pol\u00edtica explica c\u00f3mo recopilamos, gestionamos, almacenamos y protegemos tu informaci\u00f3n personal de acuerdo con las leyes de privacidad aplicables.Este aviso se aplica cuando Ren Law Office determina por qu\u00e9 y c\u00f3mo se maneja tu informaci\u00f3n personal. No se aplica [&hellip;]\" \/>\n<meta property=\"og:url\" content=\"https:\/\/avrenlaw.com\/tr\/gizlilik-politikasi\/\" \/>\n<meta property=\"og:site_name\" content=\"Ren Law Office\" \/>\n<meta property=\"article:modified_time\" content=\"2026-02-03T21:21:17+00:00\" \/>\n<meta property=\"og:image\" content=\"https:\/\/avrenlaw.com\/tr\/wp-content\/uploads\/2025\/07\/cropped-REN-LAW-OFFICE-e1752768145472.png\" \/>\n\t<meta property=\"og:image:width\" content=\"512\" \/>\n\t<meta property=\"og:image:height\" content=\"512\" \/>\n\t<meta property=\"og:image:type\" content=\"image\/png\" \/>\n<meta name=\"twitter:card\" content=\"summary_large_image\" \/>\n<meta name=\"twitter:label1\" content=\"Est. reading time\" \/>\n\t<meta name=\"twitter:data1\" content=\"4 minutes\" \/>\n<script type=\"application\/ld+json\" class=\"yoast-schema-graph\">{\"@context\":\"https:\/\/schema.org\",\"@graph\":[{\"@type\":\"WebPage\",\"@id\":\"https:\/\/avrenlaw.com\/tr\/gizlilik-politikasi\/\",\"url\":\"https:\/\/avrenlaw.com\/tr\/gizlilik-politikasi\/\",\"name\":\"Gizlilik Politikas\u0131 - Ren Law Office\",\"isPartOf\":{\"@id\":\"https:\/\/avrenlaw.com\/tr\/#website\"},\"datePublished\":\"2025-07-15T16:25:52+00:00\",\"dateModified\":\"2026-02-03T21:21:17+00:00\",\"breadcrumb\":{\"@id\":\"https:\/\/avrenlaw.com\/tr\/gizlilik-politikasi\/#breadcrumb\"},\"inLanguage\":\"en-US\",\"potentialAction\":[{\"@type\":\"ReadAction\",\"target\":[\"https:\/\/avrenlaw.com\/tr\/gizlilik-politikasi\/\"]}]},{\"@type\":\"BreadcrumbList\",\"@id\":\"https:\/\/avrenlaw.com\/tr\/gizlilik-politikasi\/#breadcrumb\",\"itemListElement\":[{\"@type\":\"ListItem\",\"position\":1,\"name\":\"Home\",\"item\":\"https:\/\/avrenlaw.com\/tr\/\"},{\"@type\":\"ListItem\",\"position\":2,\"name\":\"Gizlilik Politikas\u0131\"}]},{\"@type\":\"WebSite\",\"@id\":\"https:\/\/avrenlaw.com\/tr\/#website\",\"url\":\"https:\/\/avrenlaw.com\/tr\/\",\"name\":\"Avren Law\",\"description\":\"\",\"potentialAction\":[{\"@type\":\"SearchAction\",\"target\":{\"@type\":\"EntryPoint\",\"urlTemplate\":\"https:\/\/avrenlaw.com\/tr\/?s={search_term_string}\"},\"query-input\":{\"@type\":\"PropertyValueSpecification\",\"valueRequired\":true,\"valueName\":\"search_term_string\"}}],\"inLanguage\":\"en-US\"}]}<\/script>\n<!-- \/ Yoast SEO plugin. -->","yoast_head_json":{"title":"Gizlilik Politikas\u0131 - Ren Law Office","robots":{"index":"index","follow":"follow","max-snippet":"max-snippet:-1","max-image-preview":"max-image-preview:large","max-video-preview":"max-video-preview:-1"},"canonical":"https:\/\/avrenlaw.com\/tr\/gizlilik-politikasi\/","og_locale":"en_US","og_type":"article","og_title":"Gizlilik Politikas\u0131 - Ren Law Office","og_description":"Qui\u00e9nes Somos Ren Law Office San Diego, California, EE. UU.Tu privacidad es importante para nosotros. Esta pol\u00edtica explica c\u00f3mo recopilamos, gestionamos, almacenamos y protegemos tu informaci\u00f3n personal de acuerdo con las leyes de privacidad aplicables.Este aviso se aplica cuando Ren Law Office determina por qu\u00e9 y c\u00f3mo se maneja tu informaci\u00f3n personal. No se aplica [&hellip;]","og_url":"https:\/\/avrenlaw.com\/tr\/gizlilik-politikasi\/","og_site_name":"Ren Law Office","article_modified_time":"2026-02-03T21:21:17+00:00","og_image":[{"width":512,"height":512,"url":"https:\/\/avrenlaw.com\/tr\/wp-content\/uploads\/2025\/07\/cropped-REN-LAW-OFFICE-e1752768145472.png","type":"image\/png"}],"twitter_card":"summary_large_image","twitter_misc":{"Est. reading time":"4 minutes"},"schema":{"@context":"https:\/\/schema.org","@graph":[{"@type":"WebPage","@id":"https:\/\/avrenlaw.com\/tr\/gizlilik-politikasi\/","url":"https:\/\/avrenlaw.com\/tr\/gizlilik-politikasi\/","name":"Gizlilik Politikas\u0131 - Ren Law Office","isPartOf":{"@id":"https:\/\/avrenlaw.com\/tr\/#website"},"datePublished":"2025-07-15T16:25:52+00:00","dateModified":"2026-02-03T21:21:17+00:00","breadcrumb":{"@id":"https:\/\/avrenlaw.com\/tr\/gizlilik-politikasi\/#breadcrumb"},"inLanguage":"en-US","potentialAction":[{"@type":"ReadAction","target":["https:\/\/avrenlaw.com\/tr\/gizlilik-politikasi\/"]}]},{"@type":"BreadcrumbList","@id":"https:\/\/avrenlaw.com\/tr\/gizlilik-politikasi\/#breadcrumb","itemListElement":[{"@type":"ListItem","position":1,"name":"Home","item":"https:\/\/avrenlaw.com\/tr\/"},{"@type":"ListItem","position":2,"name":"Gizlilik Politikas\u0131"}]},{"@type":"WebSite","@id":"https:\/\/avrenlaw.com\/tr\/#website","url":"https:\/\/avrenlaw.com\/tr\/","name":"Avren Law","description":"","potentialAction":[{"@type":"SearchAction","target":{"@type":"EntryPoint","urlTemplate":"https:\/\/avrenlaw.com\/tr\/?s={search_term_string}"},"query-input":{"@type":"PropertyValueSpecification","valueRequired":true,"valueName":"search_term_string"}}],"inLanguage":"en-US"}]}},"_links":{"self":[{"href":"https:\/\/avrenlaw.com\/tr\/wp-json\/wp\/v2\/pages\/3","targetHints":{"allow":["GET"]}}],"collection":[{"href":"https:\/\/avrenlaw.com\/tr\/wp-json\/wp\/v2\/pages"}],"about":[{"href":"https:\/\/avrenlaw.com\/tr\/wp-json\/wp\/v2\/types\/page"}],"author":[{"embeddable":true,"href":"https:\/\/avrenlaw.com\/tr\/wp-json\/wp\/v2\/users\/1"}],"replies":[{"embeddable":true,"href":"https:\/\/avrenlaw.com\/tr\/wp-json\/wp\/v2\/comments?post=3"}],"version-history":[{"count":61,"href":"https:\/\/avrenlaw.com\/tr\/wp-json\/wp\/v2\/pages\/3\/revisions"}],"predecessor-version":[{"id":3587,"href":"https:\/\/avrenlaw.com\/tr\/wp-json\/wp\/v2\/pages\/3\/revisions\/3587"}],"wp:attachment":[{"href":"https:\/\/avrenlaw.com\/tr\/wp-json\/wp\/v2\/media?parent=3"}],"curies":[{"name":"wp","href":"https:\/\/api.w.org\/{rel}","templated":true}]}}