{"id":886,"date":"2025-07-17T18:56:41","date_gmt":"2025-07-17T18:56:41","guid":{"rendered":"https:\/\/avrenlaw.com\/tr\/?page_id=886"},"modified":"2026-01-27T22:52:30","modified_gmt":"2026-01-27T22:52:30","slug":"kutuphane","status":"publish","type":"page","link":"https:\/\/avrenlaw.com\/tr\/kutuphane\/","title":{"rendered":"K\u00dcT\u00dcPHANE"},"content":{"rendered":"\t\t<div data-elementor-type=\"wp-page\" data-elementor-id=\"886\" class=\"elementor elementor-886\" data-elementor-post-type=\"page\">\n\t\t\t\t<div class=\"elementor-element elementor-element-5ee46c6 e-flex e-con-boxed e-con e-parent\" data-id=\"5ee46c6\" data-element_type=\"container\">\n\t\t\t\t\t<div class=\"e-con-inner\">\n\t\t\t\t<div class=\"elementor-element elementor-element-3ca3113 elementor-grid-3 elementor-grid-tablet-2 elementor-grid-mobile-1 elementor-posts--thumbnail-top elementor-card-shadow-yes elementor-posts__hover-gradient elementor-widget elementor-widget-posts\" data-id=\"3ca3113\" data-element_type=\"widget\" data-settings=\"{&quot;cards_columns&quot;:&quot;3&quot;,&quot;cards_columns_tablet&quot;:&quot;2&quot;,&quot;cards_columns_mobile&quot;:&quot;1&quot;,&quot;cards_row_gap&quot;:{&quot;unit&quot;:&quot;px&quot;,&quot;size&quot;:35,&quot;sizes&quot;:[]},&quot;cards_row_gap_laptop&quot;:{&quot;unit&quot;:&quot;px&quot;,&quot;size&quot;:&quot;&quot;,&quot;sizes&quot;:[]},&quot;cards_row_gap_tablet&quot;:{&quot;unit&quot;:&quot;px&quot;,&quot;size&quot;:&quot;&quot;,&quot;sizes&quot;:[]},&quot;cards_row_gap_mobile&quot;:{&quot;unit&quot;:&quot;px&quot;,&quot;size&quot;:&quot;&quot;,&quot;sizes&quot;:[]}}\" data-widget_type=\"posts.cards\">\n\t\t\t\t<div class=\"elementor-widget-container\">\n\t\t\t\t\t\t\t<div class=\"elementor-posts-container elementor-posts elementor-posts--skin-cards elementor-grid\" role=\"list\">\n\t\t\t\t<article class=\"elementor-post elementor-grid-item post-896 post type-post status-publish format-standard has-post-thumbnail hentry category-uncategorized\" role=\"listitem\">\n\t\t\t<div class=\"elementor-post__card\">\n\t\t\t\t<a class=\"elementor-post__thumbnail__link\" href=\"https:\/\/avrenlaw.com\/tr\/vize-sponsorlugunun-etkisi-basvurunuz-icin-neden-onemlidir\/\" tabindex=\"-1\" ><div class=\"elementor-post__thumbnail\"><img fetchpriority=\"high\" decoding=\"async\" width=\"1200\" height=\"675\" src=\"https:\/\/avrenlaw.com\/tr\/wp-content\/uploads\/2025\/07\/AA1xBxmd.webp\" class=\"attachment-full size-full wp-image-905\" alt=\"\" srcset=\"https:\/\/avrenlaw.com\/tr\/wp-content\/uploads\/2025\/07\/AA1xBxmd.webp 1200w, https:\/\/avrenlaw.com\/tr\/wp-content\/uploads\/2025\/07\/AA1xBxmd-300x169.webp 300w, https:\/\/avrenlaw.com\/tr\/wp-content\/uploads\/2025\/07\/AA1xBxmd-1024x576.webp 1024w, https:\/\/avrenlaw.com\/tr\/wp-content\/uploads\/2025\/07\/AA1xBxmd-768x432.webp 768w\" sizes=\"(max-width: 1200px) 100vw, 1200px\" \/><\/div><\/a>\n\t\t\t\t<div class=\"elementor-post__text\">\n\t\t\t\t<h3 class=\"elementor-post__title\">\n\t\t\t<a href=\"https:\/\/avrenlaw.com\/tr\/vize-sponsorlugunun-etkisi-basvurunuz-icin-neden-onemlidir\/\" >\n\t\t\t\tVize Sponsorlu\u011funun Etkisi: Ba\u015fvurunuz \u0130\u00e7in Neden \u00d6nemlidir?\t\t\t<\/a>\n\t\t<\/h3>\n\t\t\n\t\t<a class=\"elementor-post__read-more\" href=\"https:\/\/avrenlaw.com\/tr\/vize-sponsorlugunun-etkisi-basvurunuz-icin-neden-onemlidir\/\" aria-label=\"Read more about Vize Sponsorlu\u011funun Etkisi: Ba\u015fvurunuz \u0130\u00e7in Neden \u00d6nemlidir?\" tabindex=\"-1\" >\n\t\t\t Devam\u0131n\u0131 oku \u00bb\t\t<\/a>\n\n\t\t\t\t<\/div>\n\t\t\t\t<div class=\"elementor-post__meta-data\">\n\t\t\t\t\t<span class=\"elementor-post-date\">\n\t\t\tJuly 17, 2025\t\t<\/span>\n\t\t\t\t<\/div>\n\t\t\t\t\t<\/div>\n\t\t<\/article>\n\t\t\t\t<article class=\"elementor-post elementor-grid-item post-894 post type-post status-publish format-standard has-post-thumbnail hentry category-uncategorized\" role=\"listitem\">\n\t\t\t<div class=\"elementor-post__card\">\n\t\t\t\t<a class=\"elementor-post__thumbnail__link\" href=\"https:\/\/avrenlaw.com\/tr\/abd-calisma-vizelerine-basvururken-kacinilmasi-gereken-yaygin-hatalar\/\" tabindex=\"-1\" ><div class=\"elementor-post__thumbnail\"><img decoding=\"async\" width=\"903\" height=\"489\" src=\"https:\/\/avrenlaw.com\/tr\/wp-content\/uploads\/2025\/07\/a347d0601e2ba775992e979ec46f3029.png\" class=\"attachment-full size-full wp-image-912\" alt=\"\" srcset=\"https:\/\/avrenlaw.com\/tr\/wp-content\/uploads\/2025\/07\/a347d0601e2ba775992e979ec46f3029.png 903w, https:\/\/avrenlaw.com\/tr\/wp-content\/uploads\/2025\/07\/a347d0601e2ba775992e979ec46f3029-300x162.png 300w, https:\/\/avrenlaw.com\/tr\/wp-content\/uploads\/2025\/07\/a347d0601e2ba775992e979ec46f3029-768x416.png 768w\" sizes=\"(max-width: 903px) 100vw, 903px\" \/><\/div><\/a>\n\t\t\t\t<div class=\"elementor-post__text\">\n\t\t\t\t<h3 class=\"elementor-post__title\">\n\t\t\t<a href=\"https:\/\/avrenlaw.com\/tr\/abd-calisma-vizelerine-basvururken-kacinilmasi-gereken-yaygin-hatalar\/\" >\n\t\t\t\tABD \u00c7al\u0131\u015fma Vizelerine Ba\u015fvururken Ka\u00e7\u0131n\u0131lmas\u0131 Gereken Yayg\u0131n Hatalar\t\t\t<\/a>\n\t\t<\/h3>\n\t\t\n\t\t<a class=\"elementor-post__read-more\" href=\"https:\/\/avrenlaw.com\/tr\/abd-calisma-vizelerine-basvururken-kacinilmasi-gereken-yaygin-hatalar\/\" aria-label=\"Read more about ABD \u00c7al\u0131\u015fma Vizelerine Ba\u015fvururken Ka\u00e7\u0131n\u0131lmas\u0131 Gereken Yayg\u0131n Hatalar\" tabindex=\"-1\" >\n\t\t\t Devam\u0131n\u0131 oku \u00bb\t\t<\/a>\n\n\t\t\t\t<\/div>\n\t\t\t\t<div class=\"elementor-post__meta-data\">\n\t\t\t\t\t<span class=\"elementor-post-date\">\n\t\t\tJuly 17, 2025\t\t<\/span>\n\t\t\t\t<\/div>\n\t\t\t\t\t<\/div>\n\t\t<\/article>\n\t\t\t\t<article class=\"elementor-post elementor-grid-item post-892 post type-post status-publish format-standard has-post-thumbnail hentry category-uncategorized\" role=\"listitem\">\n\t\t\t<div class=\"elementor-post__card\">\n\t\t\t\t<a class=\"elementor-post__thumbnail__link\" href=\"https:\/\/avrenlaw.com\/tr\/abd-kariyer-hedefleriniz-icin-dogru-vizeyi-nasil-secersiniz\/\" tabindex=\"-1\" ><div class=\"elementor-post__thumbnail\"><img decoding=\"async\" width=\"1024\" height=\"593\" src=\"https:\/\/avrenlaw.com\/tr\/wp-content\/uploads\/2025\/07\/crime-visa.webp\" class=\"attachment-full size-full wp-image-842\" alt=\"\" srcset=\"https:\/\/avrenlaw.com\/tr\/wp-content\/uploads\/2025\/07\/crime-visa.webp 1024w, https:\/\/avrenlaw.com\/tr\/wp-content\/uploads\/2025\/07\/crime-visa-300x174.webp 300w, https:\/\/avrenlaw.com\/tr\/wp-content\/uploads\/2025\/07\/crime-visa-768x445.webp 768w\" sizes=\"(max-width: 1024px) 100vw, 1024px\" \/><\/div><\/a>\n\t\t\t\t<div class=\"elementor-post__text\">\n\t\t\t\t<h3 class=\"elementor-post__title\">\n\t\t\t<a href=\"https:\/\/avrenlaw.com\/tr\/abd-kariyer-hedefleriniz-icin-dogru-vizeyi-nasil-secersiniz\/\" >\n\t\t\t\tABD Kariyer Hedefleriniz \u0130\u00e7in Do\u011fru Vizeyi Nas\u0131l Se\u00e7ersiniz?\t\t\t<\/a>\n\t\t<\/h3>\n\t\t\n\t\t<a class=\"elementor-post__read-more\" href=\"https:\/\/avrenlaw.com\/tr\/abd-kariyer-hedefleriniz-icin-dogru-vizeyi-nasil-secersiniz\/\" aria-label=\"Read more about ABD Kariyer Hedefleriniz \u0130\u00e7in Do\u011fru Vizeyi Nas\u0131l Se\u00e7ersiniz?\" tabindex=\"-1\" >\n\t\t\t Devam\u0131n\u0131 oku \u00bb\t\t<\/a>\n\n\t\t\t\t<\/div>\n\t\t\t\t<div class=\"elementor-post__meta-data\">\n\t\t\t\t\t<span class=\"elementor-post-date\">\n\t\t\tJuly 17, 2025\t\t<\/span>\n\t\t\t\t<\/div>\n\t\t\t\t\t<\/div>\n\t\t<\/article>\n\t\t\t\t<\/div>\n\t\t\n\t\t\t\t\t\t<\/div>\n\t\t\t\t<\/div>\n\t\t\t\t\t<\/div>\n\t\t\t\t<\/div>\n\t\t\t\t<\/div>\n\t\t","protected":false},"excerpt":{"rendered":"","protected":false},"author":1,"featured_media":0,"parent":0,"menu_order":0,"comment_status":"closed","ping_status":"closed","template":"","meta":{"footnotes":""},"class_list":["post-886","page","type-page","status-publish","hentry"],"yoast_head":"<!-- This site is optimized with the Yoast SEO plugin v25.5 - https:\/\/yoast.com\/wordpress\/plugins\/seo\/ -->\n<title>K\u00dcT\u00dcPHANE - Ren Law Office<\/title>\n<meta name=\"robots\" content=\"index, follow, max-snippet:-1, max-image-preview:large, max-video-preview:-1\" \/>\n<link rel=\"canonical\" href=\"https:\/\/avrenlaw.com\/tr\/kutuphane\/\" \/>\n<meta property=\"og:locale\" content=\"en_US\" \/>\n<meta property=\"og:type\" content=\"article\" \/>\n<meta property=\"og:title\" content=\"K\u00dcT\u00dcPHANE - Ren Law Office\" \/>\n<meta property=\"og:url\" content=\"https:\/\/avrenlaw.com\/tr\/kutuphane\/\" \/>\n<meta property=\"og:site_name\" content=\"Ren Law Office\" \/>\n<meta property=\"article:modified_time\" content=\"2026-01-27T22:52:30+00:00\" \/>\n<meta property=\"og:image\" content=\"https:\/\/avrenlaw.com\/tr\/wp-content\/uploads\/2025\/07\/cropped-REN-LAW-OFFICE-e1752768145472.png\" \/>\n\t<meta property=\"og:image:width\" content=\"512\" \/>\n\t<meta property=\"og:image:height\" content=\"512\" \/>\n\t<meta property=\"og:image:type\" content=\"image\/png\" \/>\n<meta name=\"twitter:card\" content=\"summary_large_image\" \/>\n<meta name=\"twitter:label1\" content=\"Est. reading time\" \/>\n\t<meta name=\"twitter:data1\" content=\"1 minute\" \/>\n<script type=\"application\/ld+json\" class=\"yoast-schema-graph\">{\"@context\":\"https:\/\/schema.org\",\"@graph\":[{\"@type\":\"WebPage\",\"@id\":\"https:\/\/avrenlaw.com\/tr\/kutuphane\/\",\"url\":\"https:\/\/avrenlaw.com\/tr\/kutuphane\/\",\"name\":\"K\u00dcT\u00dcPHANE - Ren Law Office\",\"isPartOf\":{\"@id\":\"https:\/\/avrenlaw.com\/tr\/#website\"},\"datePublished\":\"2025-07-17T18:56:41+00:00\",\"dateModified\":\"2026-01-27T22:52:30+00:00\",\"breadcrumb\":{\"@id\":\"https:\/\/avrenlaw.com\/tr\/kutuphane\/#breadcrumb\"},\"inLanguage\":\"en-US\",\"potentialAction\":[{\"@type\":\"ReadAction\",\"target\":[\"https:\/\/avrenlaw.com\/tr\/kutuphane\/\"]}]},{\"@type\":\"BreadcrumbList\",\"@id\":\"https:\/\/avrenlaw.com\/tr\/kutuphane\/#breadcrumb\",\"itemListElement\":[{\"@type\":\"ListItem\",\"position\":1,\"name\":\"Home\",\"item\":\"https:\/\/avrenlaw.com\/tr\/\"},{\"@type\":\"ListItem\",\"position\":2,\"name\":\"K\u00dcT\u00dcPHANE\"}]},{\"@type\":\"WebSite\",\"@id\":\"https:\/\/avrenlaw.com\/tr\/#website\",\"url\":\"https:\/\/avrenlaw.com\/tr\/\",\"name\":\"Avren Law\",\"description\":\"\",\"potentialAction\":[{\"@type\":\"SearchAction\",\"target\":{\"@type\":\"EntryPoint\",\"urlTemplate\":\"https:\/\/avrenlaw.com\/tr\/?s={search_term_string}\"},\"query-input\":{\"@type\":\"PropertyValueSpecification\",\"valueRequired\":true,\"valueName\":\"search_term_string\"}}],\"inLanguage\":\"en-US\"}]}<\/script>\n<!-- \/ Yoast SEO plugin. -->","yoast_head_json":{"title":"K\u00dcT\u00dcPHANE - Ren Law Office","robots":{"index":"index","follow":"follow","max-snippet":"max-snippet:-1","max-image-preview":"max-image-preview:large","max-video-preview":"max-video-preview:-1"},"canonical":"https:\/\/avrenlaw.com\/tr\/kutuphane\/","og_locale":"en_US","og_type":"article","og_title":"K\u00dcT\u00dcPHANE - Ren Law Office","og_url":"https:\/\/avrenlaw.com\/tr\/kutuphane\/","og_site_name":"Ren Law Office","article_modified_time":"2026-01-27T22:52:30+00:00","og_image":[{"width":512,"height":512,"url":"https:\/\/avrenlaw.com\/tr\/wp-content\/uploads\/2025\/07\/cropped-REN-LAW-OFFICE-e1752768145472.png","type":"image\/png"}],"twitter_card":"summary_large_image","twitter_misc":{"Est. reading time":"1 minute"},"schema":{"@context":"https:\/\/schema.org","@graph":[{"@type":"WebPage","@id":"https:\/\/avrenlaw.com\/tr\/kutuphane\/","url":"https:\/\/avrenlaw.com\/tr\/kutuphane\/","name":"K\u00dcT\u00dcPHANE - Ren Law Office","isPartOf":{"@id":"https:\/\/avrenlaw.com\/tr\/#website"},"datePublished":"2025-07-17T18:56:41+00:00","dateModified":"2026-01-27T22:52:30+00:00","breadcrumb":{"@id":"https:\/\/avrenlaw.com\/tr\/kutuphane\/#breadcrumb"},"inLanguage":"en-US","potentialAction":[{"@type":"ReadAction","target":["https:\/\/avrenlaw.com\/tr\/kutuphane\/"]}]},{"@type":"BreadcrumbList","@id":"https:\/\/avrenlaw.com\/tr\/kutuphane\/#breadcrumb","itemListElement":[{"@type":"ListItem","position":1,"name":"Home","item":"https:\/\/avrenlaw.com\/tr\/"},{"@type":"ListItem","position":2,"name":"K\u00dcT\u00dcPHANE"}]},{"@type":"WebSite","@id":"https:\/\/avrenlaw.com\/tr\/#website","url":"https:\/\/avrenlaw.com\/tr\/","name":"Avren Law","description":"","potentialAction":[{"@type":"SearchAction","target":{"@type":"EntryPoint","urlTemplate":"https:\/\/avrenlaw.com\/tr\/?s={search_term_string}"},"query-input":{"@type":"PropertyValueSpecification","valueRequired":true,"valueName":"search_term_string"}}],"inLanguage":"en-US"}]}},"_links":{"self":[{"href":"https:\/\/avrenlaw.com\/tr\/wp-json\/wp\/v2\/pages\/886","targetHints":{"allow":["GET"]}}],"collection":[{"href":"https:\/\/avrenlaw.com\/tr\/wp-json\/wp\/v2\/pages"}],"about":[{"href":"https:\/\/avrenlaw.com\/tr\/wp-json\/wp\/v2\/types\/page"}],"author":[{"embeddable":true,"href":"https:\/\/avrenlaw.com\/tr\/wp-json\/wp\/v2\/users\/1"}],"replies":[{"embeddable":true,"href":"https:\/\/avrenlaw.com\/tr\/wp-json\/wp\/v2\/comments?post=886"}],"version-history":[{"count":50,"href":"https:\/\/avrenlaw.com\/tr\/wp-json\/wp\/v2\/pages\/886\/revisions"}],"predecessor-version":[{"id":3473,"href":"https:\/\/avrenlaw.com\/tr\/wp-json\/wp\/v2\/pages\/886\/revisions\/3473"}],"wp:attachment":[{"href":"https:\/\/avrenlaw.com\/tr\/wp-json\/wp\/v2\/media?parent=886"}],"curies":[{"name":"wp","href":"https:\/\/api.w.org\/{rel}","templated":true}]}}